{"id":232,"date":"2025-05-28T11:59:28","date_gmt":"2025-05-28T11:59:28","guid":{"rendered":"https:\/\/pusch-it.com\/cms\/?page_id=232"},"modified":"2025-07-03T12:01:41","modified_gmt":"2025-07-03T10:01:41","slug":"impressum","status":"publish","type":"page","link":"https:\/\/pusch-it.com\/cms\/index.php\/impressum\/","title":{"rendered":"IMPRESSUM"},"content":{"rendered":"\n<section id=\"legal-notice\" translate=\"no\">\n  <h2>Aviso Legal \/ Impressum \/ Legal Notice<\/h2>\n\n  <h3>1. Titular del sitio web \/ Betreiber der Webseite \/ Website Owner<\/h3>\n  <p>\n    <strong>Nombre \/ Name:<\/strong> Holger Pusch (Aut\u00f3nomo)<br>\n    <strong>NIF:<\/strong> Y0460571X<br>\n    <strong>Domicilio fiscal \/ Gesch\u00e4ftssitz \/ Registered Address:<\/strong><br>\n    Diseminado Son Barbut, 07630 Campos, Espa\u00f1a \/ Spain<br>\n    <strong>Tel\u00e9fono \/ Telefon \/ Phone:<\/strong> +34 607 054 707<br>\n    <strong>Correo electr\u00f3nico \/ E-Mail \/ Email:<\/strong> info@pusch-it.com<br>\n    <strong>Actividad econ\u00f3mica \/ Gesch\u00e4ftst\u00e4tigkeit \/ Business Activity:<\/strong><br>\n    Explotaci\u00f3n electr\u00f3nica por cuenta propia mediante tecnolog\u00edas inform\u00e1ticas o electr\u00f3nicas \/ Selbstst\u00e4ndige IT-Dienstleistungen \/ Freelance IT and digital services\n  <\/p>\n\n  <h3>2. Condiciones de uso \/ Nutzungsbedingungen \/ Terms of Use<\/h3>\n  <p><strong>ES:<\/strong> El uso de este sitio web implica la aceptaci\u00f3n de los presentes t\u00e9rminos y condiciones. El titular se reserva el derecho de modificar el contenido sin previo aviso.<\/p>\n  <p><strong>DE:<\/strong> Die Nutzung dieser Webseite setzt die Akzeptanz der folgenden Bedingungen voraus. Der Betreiber beh\u00e4lt sich das Recht vor, Inhalte ohne vorherige Ank\u00fcndigung zu \u00e4ndern.<\/p>\n  <p><strong>EN:<\/strong> By using this website, you agree to the following terms and conditions. The owner reserves the right to change the content without prior notice.<\/p>\n\n  <h3>3. Protecci\u00f3n de datos \/ Datenschutz \/ Data Protection<\/h3>\n  <p><strong>ES:<\/strong> Los datos personales recopilados ser\u00e1n tratados de conformidad con el Reglamento (UE) 2016\/679 (RGPD) y la Ley Org\u00e1nica 3\/2018 (LOPDGDD).<\/p>\n  <p><strong>DE:<\/strong> Personenbezogene Daten werden gem\u00e4\u00df der EU-Datenschutz-Grundverordnung (DSGVO) und dem spanischen Datenschutzgesetz (LOPDGDD) verarbeitet.<\/p>\n  <p><strong>EN:<\/strong> Personal data is processed in accordance with the EU General Data Protection Regulation (GDPR) and Spain\u2019s Organic Law 3\/2018 (LOPDGDD).<\/p>\n\n  <h3>4. Responsabilidad \/ Haftungsausschluss \/ Liability<\/h3>\n  <p><strong>ES:<\/strong> El titular no se hace responsable del uso indebido de los contenidos del sitio web.<\/p>\n  <p><strong>DE:<\/strong> Der Betreiber \u00fcbernimmt keine Haftung f\u00fcr die missbr\u00e4uchliche Nutzung der Inhalte dieser Webseite.<\/p>\n  <p><strong>EN:<\/strong> The owner is not liable for any misuse of the content provided on this website.<\/p>\n\n  <h3>5. Propiedad intelectual \/ Urheberrecht \/ Intellectual Property<\/h3>\n  <p><strong>ES:<\/strong> Todos los contenidos (textos, im\u00e1genes, logotipos) son propiedad del titular o se usan con licencia. Est\u00e1 prohibida su reproducci\u00f3n sin autorizaci\u00f3n.<\/p>\n  <p><strong>DE:<\/strong> Alle Inhalte (Texte, Bilder, Logos) sind Eigentum des Betreibers oder lizenziert. Eine Reproduktion ohne Genehmigung ist untersagt.<\/p>\n  <p><strong>EN:<\/strong> All content (texts, images, logos) is the property of the owner or used under license. Reproduction without prior permission is prohibited.<\/p>\n\n  <h3>6. Idioma legal \/ Rechtlich bindende Sprache \/ Legally Binding Language<\/h3>\n  <p><strong>ES:<\/strong> La versi\u00f3n legalmente vinculante de este aviso legal es la versi\u00f3n en espa\u00f1ol. Las traducciones se proporcionan solo con fines informativos.<\/p>\n  <p><strong>DE:<\/strong> Die rechtlich bindende Version dieses Impressums ist die spanische. Die \u00dcbersetzungen dienen lediglich zur Information.<\/p>\n  <p><strong>EN:<\/strong> The legally binding version of this legal notice is the Spanish version. Translations are provided for informational purposes only.<\/p>\n<\/section>\n\n\n\n<p><\/p>\n","protected":false},"excerpt":{"rendered":"<p>Aviso Legal \/ Impressum \/ Legal Notice 1. Titular del sitio web \/ Betreiber der Webseite \/ Website Owner Nombre \/ Name: Holger Pusch (Aut\u00f3nomo) NIF: Y0460571X Domicilio fiscal \/ Gesch\u00e4ftssitz \/ Registered Address: Diseminado Son Barbut, 07630 Campos, Espa\u00f1a \/ Spain Tel\u00e9fono \/ Telefon \/ Phone: +34 607 054 707 Correo electr\u00f3nico \/ E-Mail [&hellip;]<\/p>\n","protected":false},"author":1,"featured_media":0,"parent":0,"menu_order":0,"comment_status":"closed","ping_status":"closed","template":"template-impressum.php","meta":{"footnotes":""},"class_list":["post-232","page","type-page","status-publish","hentry"],"_links":{"self":[{"href":"https:\/\/pusch-it.com\/cms\/index.php\/wp-json\/wp\/v2\/pages\/232","targetHints":{"allow":["GET"]}}],"collection":[{"href":"https:\/\/pusch-it.com\/cms\/index.php\/wp-json\/wp\/v2\/pages"}],"about":[{"href":"https:\/\/pusch-it.com\/cms\/index.php\/wp-json\/wp\/v2\/types\/page"}],"author":[{"embeddable":true,"href":"https:\/\/pusch-it.com\/cms\/index.php\/wp-json\/wp\/v2\/users\/1"}],"replies":[{"embeddable":true,"href":"https:\/\/pusch-it.com\/cms\/index.php\/wp-json\/wp\/v2\/comments?post=232"}],"version-history":[{"count":24,"href":"https:\/\/pusch-it.com\/cms\/index.php\/wp-json\/wp\/v2\/pages\/232\/revisions"}],"predecessor-version":[{"id":309,"href":"https:\/\/pusch-it.com\/cms\/index.php\/wp-json\/wp\/v2\/pages\/232\/revisions\/309"}],"wp:attachment":[{"href":"https:\/\/pusch-it.com\/cms\/index.php\/wp-json\/wp\/v2\/media?parent=232"}],"curies":[{"name":"wp","href":"https:\/\/api.w.org\/{rel}","templated":true}]}}